{"id":22,"date":"2025-09-24T19:50:57","date_gmt":"2025-09-24T19:50:57","guid":{"rendered":"https:\/\/centrobrasileirodeurologia.com.br\/beta\/?page_id=22"},"modified":"2025-12-08T19:49:41","modified_gmt":"2025-12-08T19:49:41","slug":"blog","status":"publish","type":"page","link":"https:\/\/centrobrasileirodeurologia.com.br\/beta\/blog\/","title":{"rendered":"Blog"},"content":{"rendered":"\t\t<div data-elementor-type=\"wp-page\" data-elementor-id=\"22\" class=\"elementor elementor-22\" data-elementor-post-type=\"page\">\n\t\t\t\t<div class=\"elementor-element elementor-element-a0a4435 elementor-hidden-tablet elementor-hidden-mobile e-flex e-con-boxed e-con e-parent\" data-id=\"a0a4435\" data-element_type=\"container\" data-e-type=\"container\">\n\t\t\t\t\t<div class=\"e-con-inner\">\n\t\t<div class=\"elementor-element elementor-element-1032688 e-con-full e-flex e-con e-child\" data-id=\"1032688\" data-element_type=\"container\" data-e-type=\"container\" data-settings=\"{&quot;background_background&quot;:&quot;classic&quot;}\">\n\t\t<div class=\"elementor-element elementor-element-3bd33d1 e-con-full e-flex e-con e-child\" data-id=\"3bd33d1\" data-element_type=\"container\" data-e-type=\"container\">\n\t\t\t\t<div class=\"elementor-element elementor-element-7e2c5ea elementor-widget__width-initial elementor-widget elementor-widget-heading\" data-id=\"7e2c5ea\" data-element_type=\"widget\" data-e-type=\"widget\" data-widget_type=\"heading.default\">\n\t\t\t\t<div class=\"elementor-widget-container\">\n\t\t\t\t\t<h2 class=\"elementor-heading-title elementor-size-default\">Sa\u00fade Masculina com Informa\u00e7\u00e3o e Confian\u00e7a<\/h2>\t\t\t\t<\/div>\n\t\t\t\t<\/div>\n\t\t\t\t<div class=\"elementor-element elementor-element-81094d8 elementor-widget elementor-widget-breadcrumbs\" data-id=\"81094d8\" data-element_type=\"widget\" data-e-type=\"widget\" data-widget_type=\"breadcrumbs.default\">\n\t\t\t\t<div class=\"elementor-widget-container\">\n\t\t\t\t\t<p id=\"breadcrumbs\"><span><span><a href=\"https:\/\/centrobrasileirodeurologia.com.br\/beta\/\">In\u00edcio<\/a><\/span><\/span><\/p>\t\t\t\t<\/div>\n\t\t\t\t<\/div>\n\t\t\t\t<div class=\"elementor-element elementor-element-7476b31 elementor-widget__width-initial elementor-widget-mobile__width-inherit elementor-widget elementor-widget-text-editor\" data-id=\"7476b31\" data-element_type=\"widget\" data-e-type=\"widget\" data-widget_type=\"text-editor.default\">\n\t\t\t\t<div class=\"elementor-widget-container\">\n\t\t\t\t\t\t\t\t\t<p>Artigos escritos por especialistas em urologia, com orienta\u00e7\u00f5es seguras para cuidar da sua sa\u00fade e bem-estar.<\/p>\t\t\t\t\t\t\t\t<\/div>\n\t\t\t\t<\/div>\n\t\t\t\t<div class=\"elementor-element elementor-element-c1240e6 elementor-align-left elementor-widget__width-inherit elementor-mobile-align-center elementor-widget elementor-widget-button\" data-id=\"c1240e6\" data-element_type=\"widget\" data-e-type=\"widget\" data-widget_type=\"button.default\">\n\t\t\t\t<div class=\"elementor-widget-container\">\n\t\t\t\t\t\t\t\t\t<div class=\"elementor-button-wrapper\">\n\t\t\t\t\t<a class=\"elementor-button elementor-button-link elementor-size-sm\" href=\"#posts\">\n\t\t\t\t\t\t<span class=\"elementor-button-content-wrapper\">\n\t\t\t\t\t\t<span class=\"elementor-button-icon\">\n\t\t\t\t<svg aria-hidden=\"true\" class=\"e-font-icon-svg e-fas-blog\" viewBox=\"0 0 512 512\" xmlns=\"http:\/\/www.w3.org\/2000\/svg\"><path d=\"M172.2 226.8c-14.6-2.9-28.2 8.9-28.2 23.8V301c0 10.2 7.1 18.4 16.7 22 18.2 6.8 31.3 24.4 31.3 45 0 26.5-21.5 48-48 48s-48-21.5-48-48V120c0-13.3-10.7-24-24-24H24c-13.3 0-24 10.7-24 24v248c0 89.5 82.1 160.2 175 140.7 54.4-11.4 98.3-55.4 109.7-109.7 17.4-82.9-37-157.2-112.5-172.2zM209 0c-9.2-.5-17 6.8-17 16v31.6c0 8.5 6.6 15.5 15 15.9 129.4 7 233.4 112 240.9 241.5.5 8.4 7.5 15 15.9 15h32.1c9.2 0 16.5-7.8 16-17C503.4 139.8 372.2 8.6 209 0zm.3 96c-9.3-.7-17.3 6.7-17.3 16.1v32.1c0 8.4 6.5 15.3 14.8 15.9 76.8 6.3 138 68.2 144.9 145.2.8 8.3 7.6 14.7 15.9 14.7h32.2c9.3 0 16.8-8 16.1-17.3-8.4-110.1-96.5-198.2-206.6-206.7z\"><\/path><\/svg>\t\t\t<\/span>\n\t\t\t\t\t\t\t\t\t<span class=\"elementor-button-text\">Acesse os Posts<\/span>\n\t\t\t\t\t<\/span>\n\t\t\t\t\t<\/a>\n\t\t\t\t<\/div>\n\t\t\t\t\t\t\t\t<\/div>\n\t\t\t\t<\/div>\n\t\t\t\t<\/div>\n\t\t<div class=\"elementor-element elementor-element-ac848a3 e-con-full e-flex e-con e-child\" data-id=\"ac848a3\" data-element_type=\"container\" data-e-type=\"container\">\n\t\t\t\t<div class=\"elementor-element elementor-element-520eec7 elementor-widget__width-initial elementor-widget elementor-widget-image\" data-id=\"520eec7\" data-element_type=\"widget\" data-e-type=\"widget\" data-widget_type=\"image.default\">\n\t\t\t\t<div class=\"elementor-widget-container\">\n\t\t\t\t\t\t\t\t\t\t\t\t\t\t\t<img fetchpriority=\"high\" decoding=\"async\" width=\"730\" height=\"486\" src=\"https:\/\/centrobrasileirodeurologia.com.br\/beta\/wp-content\/uploads\/2025\/12\/Blog.jpg\" class=\"attachment-full size-full wp-image-1315\" alt=\"\" srcset=\"https:\/\/centrobrasileirodeurologia.com.br\/beta\/wp-content\/uploads\/2025\/12\/Blog.jpg 730w, https:\/\/centrobrasileirodeurologia.com.br\/beta\/wp-content\/uploads\/2025\/12\/Blog-300x200.jpg 300w\" sizes=\"(max-width: 730px) 100vw, 730px\" \/>\t\t\t\t\t\t\t\t\t\t\t\t\t\t\t<\/div>\n\t\t\t\t<\/div>\n\t\t\t\t<\/div>\n\t\t\t\t<\/div>\n\t\t\t\t\t<\/div>\n\t\t\t\t<\/div>\n\t\t<div class=\"elementor-element elementor-element-0acb605 e-flex e-con-boxed e-con e-parent\" data-id=\"0acb605\" data-element_type=\"container\" data-e-type=\"container\" id=\"posts\" data-settings=\"{&quot;background_background&quot;:&quot;classic&quot;,&quot;animation&quot;:&quot;none&quot;}\">\n\t\t\t\t\t<div class=\"e-con-inner\">\n\t\t<div class=\"elementor-element elementor-element-6ef744a e-con-full e-flex e-con e-child\" data-id=\"6ef744a\" data-element_type=\"container\" data-e-type=\"container\" data-settings=\"{&quot;animation_mobile&quot;:&quot;none&quot;}\">\n\t\t\t\t<div class=\"elementor-element elementor-element-153d82f elementor-grid-4 elementor-widget__width-inherit elementor-grid-tablet-2 elementor-grid-mobile-1 elementor-posts--thumbnail-top elementor-card-shadow-yes elementor-posts__hover-gradient elementor-widget elementor-widget-posts\" data-id=\"153d82f\" data-element_type=\"widget\" data-e-type=\"widget\" data-settings=\"{&quot;cards_columns&quot;:&quot;4&quot;,&quot;cards_columns_tablet&quot;:&quot;2&quot;,&quot;cards_columns_mobile&quot;:&quot;1&quot;,&quot;cards_row_gap&quot;:{&quot;unit&quot;:&quot;px&quot;,&quot;size&quot;:35,&quot;sizes&quot;:[]},&quot;cards_row_gap_laptop&quot;:{&quot;unit&quot;:&quot;px&quot;,&quot;size&quot;:&quot;&quot;,&quot;sizes&quot;:[]},&quot;cards_row_gap_tablet&quot;:{&quot;unit&quot;:&quot;px&quot;,&quot;size&quot;:&quot;&quot;,&quot;sizes&quot;:[]},&quot;cards_row_gap_mobile&quot;:{&quot;unit&quot;:&quot;px&quot;,&quot;size&quot;:&quot;&quot;,&quot;sizes&quot;:[]}}\" data-widget_type=\"posts.cards\">\n\t\t\t\t<div class=\"elementor-widget-container\">\n\t\t\t\t\t\t\t<div class=\"elementor-posts-container elementor-posts elementor-posts--skin-cards elementor-grid\" role=\"list\">\n\t\t\t\t<article class=\"elementor-post elementor-grid-item post-615 post type-post status-publish format-standard has-post-thumbnail hentry category-uncategorized\" role=\"listitem\">\n\t\t\t<div class=\"elementor-post__card\">\n\t\t\t\t<a class=\"elementor-post__thumbnail__link\" href=\"https:\/\/centrobrasileirodeurologia.com.br\/beta\/postagem-4\/\" tabindex=\"-1\" ><div class=\"elementor-post__thumbnail\"><img decoding=\"async\" width=\"800\" height=\"600\" src=\"https:\/\/centrobrasileirodeurologia.com.br\/beta\/wp-content\/uploads\/2025\/10\/68c3806f57a8a0938b19f7f4_683d868a7b964c7cafc0e727_sistema-de-gestao-de-clinicas-2.jpeg\" class=\"attachment-full size-full wp-image-616\" alt=\"\" srcset=\"https:\/\/centrobrasileirodeurologia.com.br\/beta\/wp-content\/uploads\/2025\/10\/68c3806f57a8a0938b19f7f4_683d868a7b964c7cafc0e727_sistema-de-gestao-de-clinicas-2.jpeg 800w, https:\/\/centrobrasileirodeurologia.com.br\/beta\/wp-content\/uploads\/2025\/10\/68c3806f57a8a0938b19f7f4_683d868a7b964c7cafc0e727_sistema-de-gestao-de-clinicas-2-300x225.jpeg 300w, https:\/\/centrobrasileirodeurologia.com.br\/beta\/wp-content\/uploads\/2025\/10\/68c3806f57a8a0938b19f7f4_683d868a7b964c7cafc0e727_sistema-de-gestao-de-clinicas-2-768x576.jpeg 768w\" sizes=\"(max-width: 800px) 100vw, 800px\" \/><\/div><\/a>\n\t\t\t\t<div class=\"elementor-post__text\">\n\t\t\t\t<h3 class=\"elementor-post__title\">\n\t\t\t<a href=\"https:\/\/centrobrasileirodeurologia.com.br\/beta\/postagem-4\/\" >\n\t\t\t\tPostagem 4\t\t\t<\/a>\n\t\t<\/h3>\n\t\t\t\t<div class=\"elementor-post__excerpt\">\n\t\t\t\t\t<\/div>\n\t\t\n\t\t<a class=\"elementor-post__read-more\" href=\"https:\/\/centrobrasileirodeurologia.com.br\/beta\/postagem-4\/\" aria-label=\"Read more about Postagem 4\" tabindex=\"-1\" >\n\t\t\t\t\t<\/a>\n\n\t\t\t\t<\/div>\n\t\t\t\t<div class=\"elementor-post__meta-data\">\n\t\t\t\t\t<span class=\"elementor-post-date\">\n\t\t\toutubro 10, 2025\t\t<\/span>\n\t\t\t\t<\/div>\n\t\t\t\t\t<\/div>\n\t\t<\/article>\n\t\t\t\t<article class=\"elementor-post elementor-grid-item post-612 post type-post status-publish format-standard has-post-thumbnail hentry category-uncategorized\" role=\"listitem\">\n\t\t\t<div class=\"elementor-post__card\">\n\t\t\t\t<a class=\"elementor-post__thumbnail__link\" href=\"https:\/\/centrobrasileirodeurologia.com.br\/beta\/postagem-3\/\" tabindex=\"-1\" ><div class=\"elementor-post__thumbnail\"><img decoding=\"async\" width=\"1921\" height=\"1081\" src=\"https:\/\/centrobrasileirodeurologia.com.br\/beta\/wp-content\/uploads\/2025\/10\/68c38071b3327795e9b3aca8_6672eb609298a7a7f2485f7d_BLOG_XX-05-24.png\" class=\"attachment-full size-full wp-image-613\" alt=\"\" srcset=\"https:\/\/centrobrasileirodeurologia.com.br\/beta\/wp-content\/uploads\/2025\/10\/68c38071b3327795e9b3aca8_6672eb609298a7a7f2485f7d_BLOG_XX-05-24.png 1921w, https:\/\/centrobrasileirodeurologia.com.br\/beta\/wp-content\/uploads\/2025\/10\/68c38071b3327795e9b3aca8_6672eb609298a7a7f2485f7d_BLOG_XX-05-24-300x169.png 300w, https:\/\/centrobrasileirodeurologia.com.br\/beta\/wp-content\/uploads\/2025\/10\/68c38071b3327795e9b3aca8_6672eb609298a7a7f2485f7d_BLOG_XX-05-24-1024x576.png 1024w, https:\/\/centrobrasileirodeurologia.com.br\/beta\/wp-content\/uploads\/2025\/10\/68c38071b3327795e9b3aca8_6672eb609298a7a7f2485f7d_BLOG_XX-05-24-768x432.png 768w, https:\/\/centrobrasileirodeurologia.com.br\/beta\/wp-content\/uploads\/2025\/10\/68c38071b3327795e9b3aca8_6672eb609298a7a7f2485f7d_BLOG_XX-05-24-1536x864.png 1536w\" sizes=\"(max-width: 1921px) 100vw, 1921px\" \/><\/div><\/a>\n\t\t\t\t<div class=\"elementor-post__text\">\n\t\t\t\t<h3 class=\"elementor-post__title\">\n\t\t\t<a href=\"https:\/\/centrobrasileirodeurologia.com.br\/beta\/postagem-3\/\" >\n\t\t\t\tPostagem 3\t\t\t<\/a>\n\t\t<\/h3>\n\t\t\t\t<div class=\"elementor-post__excerpt\">\n\t\t\t\t\t<\/div>\n\t\t\n\t\t<a class=\"elementor-post__read-more\" href=\"https:\/\/centrobrasileirodeurologia.com.br\/beta\/postagem-3\/\" aria-label=\"Read more about Postagem 3\" tabindex=\"-1\" >\n\t\t\t\t\t<\/a>\n\n\t\t\t\t<\/div>\n\t\t\t\t<div class=\"elementor-post__meta-data\">\n\t\t\t\t\t<span class=\"elementor-post-date\">\n\t\t\toutubro 10, 2025\t\t<\/span>\n\t\t\t\t<\/div>\n\t\t\t\t\t<\/div>\n\t\t<\/article>\n\t\t\t\t<article class=\"elementor-post elementor-grid-item post-609 post type-post status-publish format-standard has-post-thumbnail hentry category-uncategorized\" role=\"listitem\">\n\t\t\t<div class=\"elementor-post__card\">\n\t\t\t\t<a class=\"elementor-post__thumbnail__link\" href=\"https:\/\/centrobrasileirodeurologia.com.br\/beta\/postagem-2\/\" tabindex=\"-1\" ><div class=\"elementor-post__thumbnail\"><img loading=\"lazy\" decoding=\"async\" width=\"1800\" height=\"1200\" src=\"https:\/\/centrobrasileirodeurologia.com.br\/beta\/wp-content\/uploads\/2025\/10\/68c3806f0f2b0c24820bf52f_67005c19a864753c51127829_1002-Blogpost-TiposDeProntuarioEletronico_01.jpeg\" class=\"attachment-full size-full wp-image-610\" alt=\"\" srcset=\"https:\/\/centrobrasileirodeurologia.com.br\/beta\/wp-content\/uploads\/2025\/10\/68c3806f0f2b0c24820bf52f_67005c19a864753c51127829_1002-Blogpost-TiposDeProntuarioEletronico_01.jpeg 1800w, https:\/\/centrobrasileirodeurologia.com.br\/beta\/wp-content\/uploads\/2025\/10\/68c3806f0f2b0c24820bf52f_67005c19a864753c51127829_1002-Blogpost-TiposDeProntuarioEletronico_01-300x200.jpeg 300w, https:\/\/centrobrasileirodeurologia.com.br\/beta\/wp-content\/uploads\/2025\/10\/68c3806f0f2b0c24820bf52f_67005c19a864753c51127829_1002-Blogpost-TiposDeProntuarioEletronico_01-1024x683.jpeg 1024w, https:\/\/centrobrasileirodeurologia.com.br\/beta\/wp-content\/uploads\/2025\/10\/68c3806f0f2b0c24820bf52f_67005c19a864753c51127829_1002-Blogpost-TiposDeProntuarioEletronico_01-768x512.jpeg 768w, https:\/\/centrobrasileirodeurologia.com.br\/beta\/wp-content\/uploads\/2025\/10\/68c3806f0f2b0c24820bf52f_67005c19a864753c51127829_1002-Blogpost-TiposDeProntuarioEletronico_01-1536x1024.jpeg 1536w\" sizes=\"(max-width: 1800px) 100vw, 1800px\" \/><\/div><\/a>\n\t\t\t\t<div class=\"elementor-post__text\">\n\t\t\t\t<h3 class=\"elementor-post__title\">\n\t\t\t<a href=\"https:\/\/centrobrasileirodeurologia.com.br\/beta\/postagem-2\/\" >\n\t\t\t\tPostagem 2\t\t\t<\/a>\n\t\t<\/h3>\n\t\t\t\t<div class=\"elementor-post__excerpt\">\n\t\t\t\t\t<\/div>\n\t\t\n\t\t<a class=\"elementor-post__read-more\" href=\"https:\/\/centrobrasileirodeurologia.com.br\/beta\/postagem-2\/\" aria-label=\"Read more about Postagem 2\" tabindex=\"-1\" >\n\t\t\t\t\t<\/a>\n\n\t\t\t\t<\/div>\n\t\t\t\t<div class=\"elementor-post__meta-data\">\n\t\t\t\t\t<span class=\"elementor-post-date\">\n\t\t\toutubro 10, 2025\t\t<\/span>\n\t\t\t\t<\/div>\n\t\t\t\t\t<\/div>\n\t\t<\/article>\n\t\t\t\t<article class=\"elementor-post elementor-grid-item post-606 post type-post status-publish format-standard has-post-thumbnail hentry category-uncategorized\" role=\"listitem\">\n\t\t\t<div class=\"elementor-post__card\">\n\t\t\t\t<a class=\"elementor-post__thumbnail__link\" href=\"https:\/\/centrobrasileirodeurologia.com.br\/beta\/postagem-1\/\" tabindex=\"-1\" ><div class=\"elementor-post__thumbnail\"><img loading=\"lazy\" decoding=\"async\" width=\"800\" height=\"600\" src=\"https:\/\/centrobrasileirodeurologia.com.br\/beta\/wp-content\/uploads\/2025\/10\/imagem_2025-10-10_123348130.png\" class=\"attachment-full size-full wp-image-607\" alt=\"\" srcset=\"https:\/\/centrobrasileirodeurologia.com.br\/beta\/wp-content\/uploads\/2025\/10\/imagem_2025-10-10_123348130.png 800w, https:\/\/centrobrasileirodeurologia.com.br\/beta\/wp-content\/uploads\/2025\/10\/imagem_2025-10-10_123348130-300x225.png 300w, https:\/\/centrobrasileirodeurologia.com.br\/beta\/wp-content\/uploads\/2025\/10\/imagem_2025-10-10_123348130-768x576.png 768w\" sizes=\"(max-width: 800px) 100vw, 800px\" \/><\/div><\/a>\n\t\t\t\t<div class=\"elementor-post__text\">\n\t\t\t\t<h3 class=\"elementor-post__title\">\n\t\t\t<a href=\"https:\/\/centrobrasileirodeurologia.com.br\/beta\/postagem-1\/\" >\n\t\t\t\tPostagem 1\t\t\t<\/a>\n\t\t<\/h3>\n\t\t\t\t<div class=\"elementor-post__excerpt\">\n\t\t\t\t\t<\/div>\n\t\t\n\t\t<a class=\"elementor-post__read-more\" href=\"https:\/\/centrobrasileirodeurologia.com.br\/beta\/postagem-1\/\" aria-label=\"Read more about Postagem 1\" tabindex=\"-1\" >\n\t\t\t\t\t<\/a>\n\n\t\t\t\t<\/div>\n\t\t\t\t<div class=\"elementor-post__meta-data\">\n\t\t\t\t\t<span class=\"elementor-post-date\">\n\t\t\toutubro 10, 2025\t\t<\/span>\n\t\t\t\t<\/div>\n\t\t\t\t\t<\/div>\n\t\t<\/article>\n\t\t\t\t<\/div>\n\t\t\n\t\t\t\t\t\t<\/div>\n\t\t\t\t<\/div>\n\t\t\t\t<\/div>\n\t\t\t\t\t<\/div>\n\t\t\t\t<\/div>\n\t\t\t\t<\/div>\n\t\t","protected":false},"excerpt":{"rendered":"<p>Sa\u00fade Masculina com Informa\u00e7\u00e3o e Confian\u00e7a Artigos escritos por especialistas em urologia, com orienta\u00e7\u00f5es seguras para cuidar da sua sa\u00fade e bem-estar. Acesse os Posts<\/p>\n","protected":false},"author":1,"featured_media":0,"parent":0,"menu_order":0,"comment_status":"closed","ping_status":"closed","template":"","meta":{"footnotes":""},"class_list":["post-22","page","type-page","status-publish","hentry"],"yoast_head":"<!-- This site is optimized with the Yoast SEO plugin v27.4 - https:\/\/yoast.com\/product\/yoast-seo-wordpress\/ -->\n<title>Blog - Centro Brasileiro de Urologia<\/title>\n<meta name=\"robots\" content=\"index, follow, max-snippet:-1, max-image-preview:large, max-video-preview:-1\" \/>\n<link rel=\"canonical\" href=\"https:\/\/centrobrasileirodeurologia.com.br\/beta\/blog\/\" \/>\n<meta property=\"og:locale\" content=\"pt_BR\" \/>\n<meta property=\"og:type\" content=\"article\" \/>\n<meta property=\"og:title\" content=\"Blog - Centro Brasileiro de Urologia\" \/>\n<meta property=\"og:description\" content=\"Sa\u00fade Masculina com Informa\u00e7\u00e3o e Confian\u00e7a Artigos escritos por especialistas em urologia, com orienta\u00e7\u00f5es seguras para cuidar da sua sa\u00fade e bem-estar. Acesse os Posts\" \/>\n<meta property=\"og:url\" content=\"https:\/\/centrobrasileirodeurologia.com.br\/beta\/blog\/\" \/>\n<meta property=\"og:site_name\" content=\"Centro Brasileiro de Urologia\" \/>\n<meta property=\"article:modified_time\" content=\"2025-12-08T19:49:41+00:00\" \/>\n<meta property=\"og:image\" content=\"https:\/\/centrobrasileirodeurologia.com.br\/beta\/wp-content\/uploads\/2025\/12\/Blog.jpg\" \/>\n\t<meta property=\"og:image:width\" content=\"730\" \/>\n\t<meta property=\"og:image:height\" content=\"486\" \/>\n\t<meta property=\"og:image:type\" content=\"image\/jpeg\" \/>\n<meta name=\"twitter:card\" content=\"summary_large_image\" \/>\n<meta name=\"twitter:label1\" content=\"Est. tempo de leitura\" \/>\n\t<meta name=\"twitter:data1\" content=\"2 minutos\" \/>\n<script type=\"application\/ld+json\" class=\"yoast-schema-graph\">{\"@context\":\"https:\\\/\\\/schema.org\",\"@graph\":[{\"@type\":\"WebPage\",\"@id\":\"https:\\\/\\\/centrobrasileirodeurologia.com.br\\\/beta\\\/blog\\\/\",\"url\":\"https:\\\/\\\/centrobrasileirodeurologia.com.br\\\/beta\\\/blog\\\/\",\"name\":\"Blog - Centro Brasileiro de Urologia\",\"isPartOf\":{\"@id\":\"https:\\\/\\\/centrobrasileirodeurologia.com.br\\\/beta\\\/#website\"},\"primaryImageOfPage\":{\"@id\":\"https:\\\/\\\/centrobrasileirodeurologia.com.br\\\/beta\\\/blog\\\/#primaryimage\"},\"image\":{\"@id\":\"https:\\\/\\\/centrobrasileirodeurologia.com.br\\\/beta\\\/blog\\\/#primaryimage\"},\"thumbnailUrl\":\"https:\\\/\\\/centrobrasileirodeurologia.com.br\\\/beta\\\/wp-content\\\/uploads\\\/2025\\\/12\\\/Blog.jpg\",\"datePublished\":\"2025-09-24T19:50:57+00:00\",\"dateModified\":\"2025-12-08T19:49:41+00:00\",\"breadcrumb\":{\"@id\":\"https:\\\/\\\/centrobrasileirodeurologia.com.br\\\/beta\\\/blog\\\/#breadcrumb\"},\"inLanguage\":\"pt-BR\",\"potentialAction\":[{\"@type\":\"ReadAction\",\"target\":[\"https:\\\/\\\/centrobrasileirodeurologia.com.br\\\/beta\\\/blog\\\/\"]}]},{\"@type\":\"ImageObject\",\"inLanguage\":\"pt-BR\",\"@id\":\"https:\\\/\\\/centrobrasileirodeurologia.com.br\\\/beta\\\/blog\\\/#primaryimage\",\"url\":\"https:\\\/\\\/centrobrasileirodeurologia.com.br\\\/beta\\\/wp-content\\\/uploads\\\/2025\\\/12\\\/Blog.jpg\",\"contentUrl\":\"https:\\\/\\\/centrobrasileirodeurologia.com.br\\\/beta\\\/wp-content\\\/uploads\\\/2025\\\/12\\\/Blog.jpg\",\"width\":730,\"height\":486},{\"@type\":\"BreadcrumbList\",\"@id\":\"https:\\\/\\\/centrobrasileirodeurologia.com.br\\\/beta\\\/blog\\\/#breadcrumb\",\"itemListElement\":[{\"@type\":\"ListItem\",\"position\":1,\"name\":\"In\u00edcio\",\"item\":\"https:\\\/\\\/centrobrasileirodeurologia.com.br\\\/beta\\\/\"},{\"@type\":\"ListItem\",\"position\":2,\"name\":\"Blog\"}]},{\"@type\":\"WebSite\",\"@id\":\"https:\\\/\\\/centrobrasileirodeurologia.com.br\\\/beta\\\/#website\",\"url\":\"https:\\\/\\\/centrobrasileirodeurologia.com.br\\\/beta\\\/\",\"name\":\"Centro Brasileiro de Urologia\",\"description\":\"\",\"publisher\":{\"@id\":\"https:\\\/\\\/centrobrasileirodeurologia.com.br\\\/beta\\\/#organization\"},\"potentialAction\":[{\"@type\":\"SearchAction\",\"target\":{\"@type\":\"EntryPoint\",\"urlTemplate\":\"https:\\\/\\\/centrobrasileirodeurologia.com.br\\\/beta\\\/?s={search_term_string}\"},\"query-input\":{\"@type\":\"PropertyValueSpecification\",\"valueRequired\":true,\"valueName\":\"search_term_string\"}}],\"inLanguage\":\"pt-BR\"},{\"@type\":\"Organization\",\"@id\":\"https:\\\/\\\/centrobrasileirodeurologia.com.br\\\/beta\\\/#organization\",\"name\":\"Centro Brasileiro de Urologia\",\"url\":\"https:\\\/\\\/centrobrasileirodeurologia.com.br\\\/beta\\\/\",\"logo\":{\"@type\":\"ImageObject\",\"inLanguage\":\"pt-BR\",\"@id\":\"https:\\\/\\\/centrobrasileirodeurologia.com.br\\\/beta\\\/#\\\/schema\\\/logo\\\/image\\\/\",\"url\":\"https:\\\/\\\/centrobrasileirodeurologia.com.br\\\/beta\\\/wp-content\\\/uploads\\\/2025\\\/09\\\/Logo-CBU.png\",\"contentUrl\":\"https:\\\/\\\/centrobrasileirodeurologia.com.br\\\/beta\\\/wp-content\\\/uploads\\\/2025\\\/09\\\/Logo-CBU.png\",\"width\":216,\"height\":79,\"caption\":\"Centro Brasileiro de Urologia\"},\"image\":{\"@id\":\"https:\\\/\\\/centrobrasileirodeurologia.com.br\\\/beta\\\/#\\\/schema\\\/logo\\\/image\\\/\"}}]}<\/script>\n<!-- \/ Yoast SEO plugin. -->","yoast_head_json":{"title":"Blog - Centro Brasileiro de Urologia","robots":{"index":"index","follow":"follow","max-snippet":"max-snippet:-1","max-image-preview":"max-image-preview:large","max-video-preview":"max-video-preview:-1"},"canonical":"https:\/\/centrobrasileirodeurologia.com.br\/beta\/blog\/","og_locale":"pt_BR","og_type":"article","og_title":"Blog - Centro Brasileiro de Urologia","og_description":"Sa\u00fade Masculina com Informa\u00e7\u00e3o e Confian\u00e7a Artigos escritos por especialistas em urologia, com orienta\u00e7\u00f5es seguras para cuidar da sua sa\u00fade e bem-estar. Acesse os Posts","og_url":"https:\/\/centrobrasileirodeurologia.com.br\/beta\/blog\/","og_site_name":"Centro Brasileiro de Urologia","article_modified_time":"2025-12-08T19:49:41+00:00","og_image":[{"width":730,"height":486,"url":"https:\/\/centrobrasileirodeurologia.com.br\/beta\/wp-content\/uploads\/2025\/12\/Blog.jpg","type":"image\/jpeg"}],"twitter_card":"summary_large_image","twitter_misc":{"Est. tempo de leitura":"2 minutos"},"schema":{"@context":"https:\/\/schema.org","@graph":[{"@type":"WebPage","@id":"https:\/\/centrobrasileirodeurologia.com.br\/beta\/blog\/","url":"https:\/\/centrobrasileirodeurologia.com.br\/beta\/blog\/","name":"Blog - Centro Brasileiro de Urologia","isPartOf":{"@id":"https:\/\/centrobrasileirodeurologia.com.br\/beta\/#website"},"primaryImageOfPage":{"@id":"https:\/\/centrobrasileirodeurologia.com.br\/beta\/blog\/#primaryimage"},"image":{"@id":"https:\/\/centrobrasileirodeurologia.com.br\/beta\/blog\/#primaryimage"},"thumbnailUrl":"https:\/\/centrobrasileirodeurologia.com.br\/beta\/wp-content\/uploads\/2025\/12\/Blog.jpg","datePublished":"2025-09-24T19:50:57+00:00","dateModified":"2025-12-08T19:49:41+00:00","breadcrumb":{"@id":"https:\/\/centrobrasileirodeurologia.com.br\/beta\/blog\/#breadcrumb"},"inLanguage":"pt-BR","potentialAction":[{"@type":"ReadAction","target":["https:\/\/centrobrasileirodeurologia.com.br\/beta\/blog\/"]}]},{"@type":"ImageObject","inLanguage":"pt-BR","@id":"https:\/\/centrobrasileirodeurologia.com.br\/beta\/blog\/#primaryimage","url":"https:\/\/centrobrasileirodeurologia.com.br\/beta\/wp-content\/uploads\/2025\/12\/Blog.jpg","contentUrl":"https:\/\/centrobrasileirodeurologia.com.br\/beta\/wp-content\/uploads\/2025\/12\/Blog.jpg","width":730,"height":486},{"@type":"BreadcrumbList","@id":"https:\/\/centrobrasileirodeurologia.com.br\/beta\/blog\/#breadcrumb","itemListElement":[{"@type":"ListItem","position":1,"name":"In\u00edcio","item":"https:\/\/centrobrasileirodeurologia.com.br\/beta\/"},{"@type":"ListItem","position":2,"name":"Blog"}]},{"@type":"WebSite","@id":"https:\/\/centrobrasileirodeurologia.com.br\/beta\/#website","url":"https:\/\/centrobrasileirodeurologia.com.br\/beta\/","name":"Centro Brasileiro de Urologia","description":"","publisher":{"@id":"https:\/\/centrobrasileirodeurologia.com.br\/beta\/#organization"},"potentialAction":[{"@type":"SearchAction","target":{"@type":"EntryPoint","urlTemplate":"https:\/\/centrobrasileirodeurologia.com.br\/beta\/?s={search_term_string}"},"query-input":{"@type":"PropertyValueSpecification","valueRequired":true,"valueName":"search_term_string"}}],"inLanguage":"pt-BR"},{"@type":"Organization","@id":"https:\/\/centrobrasileirodeurologia.com.br\/beta\/#organization","name":"Centro Brasileiro de Urologia","url":"https:\/\/centrobrasileirodeurologia.com.br\/beta\/","logo":{"@type":"ImageObject","inLanguage":"pt-BR","@id":"https:\/\/centrobrasileirodeurologia.com.br\/beta\/#\/schema\/logo\/image\/","url":"https:\/\/centrobrasileirodeurologia.com.br\/beta\/wp-content\/uploads\/2025\/09\/Logo-CBU.png","contentUrl":"https:\/\/centrobrasileirodeurologia.com.br\/beta\/wp-content\/uploads\/2025\/09\/Logo-CBU.png","width":216,"height":79,"caption":"Centro Brasileiro de Urologia"},"image":{"@id":"https:\/\/centrobrasileirodeurologia.com.br\/beta\/#\/schema\/logo\/image\/"}}]}},"_links":{"self":[{"href":"https:\/\/centrobrasileirodeurologia.com.br\/beta\/wp-json\/wp\/v2\/pages\/22","targetHints":{"allow":["GET"]}}],"collection":[{"href":"https:\/\/centrobrasileirodeurologia.com.br\/beta\/wp-json\/wp\/v2\/pages"}],"about":[{"href":"https:\/\/centrobrasileirodeurologia.com.br\/beta\/wp-json\/wp\/v2\/types\/page"}],"author":[{"embeddable":true,"href":"https:\/\/centrobrasileirodeurologia.com.br\/beta\/wp-json\/wp\/v2\/users\/1"}],"replies":[{"embeddable":true,"href":"https:\/\/centrobrasileirodeurologia.com.br\/beta\/wp-json\/wp\/v2\/comments?post=22"}],"version-history":[{"count":13,"href":"https:\/\/centrobrasileirodeurologia.com.br\/beta\/wp-json\/wp\/v2\/pages\/22\/revisions"}],"predecessor-version":[{"id":1318,"href":"https:\/\/centrobrasileirodeurologia.com.br\/beta\/wp-json\/wp\/v2\/pages\/22\/revisions\/1318"}],"wp:attachment":[{"href":"https:\/\/centrobrasileirodeurologia.com.br\/beta\/wp-json\/wp\/v2\/media?parent=22"}],"curies":[{"name":"wp","href":"https:\/\/api.w.org\/{rel}","templated":true}]}}