{"id":749,"date":"2025-10-14T14:39:43","date_gmt":"2025-10-14T14:39:43","guid":{"rendered":"https:\/\/centrobrasileirodeurologia.com.br\/beta\/?page_id=749"},"modified":"2026-03-16T15:41:36","modified_gmt":"2026-03-16T15:41:36","slug":"disfuncao-sexual","status":"publish","type":"page","link":"https:\/\/centrobrasileirodeurologia.com.br\/beta\/disfuncao-sexual\/","title":{"rendered":"Disfun\u00e7\u00e3o Sexual"},"content":{"rendered":"\t\t<div data-elementor-type=\"wp-page\" data-elementor-id=\"749\" class=\"elementor elementor-749\" data-elementor-post-type=\"page\">\n\t\t\t\t<div class=\"elementor-element elementor-element-fed2a92 e-flex e-con-boxed e-con e-parent\" data-id=\"fed2a92\" data-element_type=\"container\" data-e-type=\"container\" data-settings=\"{&quot;background_background&quot;:&quot;classic&quot;}\">\n\t\t\t\t\t<div class=\"e-con-inner\">\n\t\t<div class=\"elementor-element elementor-element-c9f19eb e-con-full e-flex e-con e-child\" data-id=\"c9f19eb\" data-element_type=\"container\" data-e-type=\"container\" data-settings=\"{&quot;background_background&quot;:&quot;classic&quot;}\">\n\t\t<div class=\"elementor-element elementor-element-cc16e7f e-con-full e-flex e-con e-child\" data-id=\"cc16e7f\" data-element_type=\"container\" data-e-type=\"container\">\n\t\t\t\t<div class=\"elementor-element elementor-element-49011e9 elementor-widget__width-initial elementor-widget elementor-widget-heading\" data-id=\"49011e9\" data-element_type=\"widget\" data-e-type=\"widget\" data-widget_type=\"heading.default\">\n\t\t\t\t<div class=\"elementor-widget-container\">\n\t\t\t\t\t<h2 class=\"elementor-heading-title elementor-size-default\">Andrologia<\/h2>\t\t\t\t<\/div>\n\t\t\t\t<\/div>\n\t\t\t\t<div class=\"elementor-element elementor-element-3bd4cb7 elementor-widget elementor-widget-breadcrumbs\" data-id=\"3bd4cb7\" data-element_type=\"widget\" data-e-type=\"widget\" data-widget_type=\"breadcrumbs.default\">\n\t\t\t\t<div class=\"elementor-widget-container\">\n\t\t\t\t\t<p id=\"breadcrumbs\"><span><span><a href=\"https:\/\/centrobrasileirodeurologia.com.br\/beta\/\">In\u00edcio<\/a><\/span><\/span><\/p>\t\t\t\t<\/div>\n\t\t\t\t<\/div>\n\t\t\t\t<div class=\"elementor-element elementor-element-47edc06 elementor-widget__width-initial elementor-widget-mobile__width-inherit elementor-widget elementor-widget-text-editor\" data-id=\"47edc06\" data-element_type=\"widget\" data-e-type=\"widget\" data-widget_type=\"text-editor.default\">\n\t\t\t\t<div class=\"elementor-widget-container\">\n\t\t\t\t\t\t\t\t\t<p>A lit\u00edase urin\u00e1ria \u00e9 uma doen\u00e7a frequente, ocorrendo entre 120 a 140 casos para cada grupo de 100 mil pessoas por ano. Atinge mais frequentemente adultos na faixa dos 30 aos 40 anos. Os c\u00e1lculos ureterais constituem parte importante dos casos de lit\u00edase urin\u00e1ria por serem respons\u00e1veis, na maioria das vezes, pela c\u00f3lica ureteral.\u00a0<\/p>\t\t\t\t\t\t\t\t<\/div>\n\t\t\t\t<\/div>\n\t\t\t\t<div class=\"elementor-element elementor-element-95ff97d elementor-align-left elementor-widget__width-inherit elementor-mobile-align-left elementor-widget elementor-widget-button\" data-id=\"95ff97d\" data-element_type=\"widget\" data-e-type=\"widget\" data-widget_type=\"button.default\">\n\t\t\t\t<div class=\"elementor-widget-container\">\n\t\t\t\t\t\t\t\t\t<div class=\"elementor-button-wrapper\">\n\t\t\t\t\t<a class=\"elementor-button elementor-button-link elementor-size-sm\" href=\"#conheca-o-procedimento\">\n\t\t\t\t\t\t<span class=\"elementor-button-content-wrapper\">\n\t\t\t\t\t\t<span class=\"elementor-button-icon\">\n\t\t\t\t<svg aria-hidden=\"true\" class=\"e-font-icon-svg e-fas-stethoscope\" viewBox=\"0 0 512 512\" xmlns=\"http:\/\/www.w3.org\/2000\/svg\"><path d=\"M447.1 112c-34.2.5-62.3 28.4-63 62.6-.5 24.3 12.5 45.6 32 56.8V344c0 57.3-50.2 104-112 104-60 0-109.2-44.1-111.9-99.2C265 333.8 320 269.2 320 192V36.6c0-11.4-8.1-21.3-19.3-23.5L237.8.5c-13-2.6-25.6 5.8-28.2 18.8L206.4 35c-2.6 13 5.8 25.6 18.8 28.2l30.7 6.1v121.4c0 52.9-42.2 96.7-95.1 97.2-53.4.5-96.9-42.7-96.9-96V69.4l30.7-6.1c13-2.6 21.4-15.2 18.8-28.2l-3.1-15.7C107.7 6.4 95.1-2 82.1.6L19.3 13C8.1 15.3 0 25.1 0 36.6V192c0 77.3 55.1 142 128.1 156.8C130.7 439.2 208.6 512 304 512c97 0 176-75.4 176-168V231.4c19.1-11.1 32-31.7 32-55.4 0-35.7-29.2-64.5-64.9-64zm.9 80c-8.8 0-16-7.2-16-16s7.2-16 16-16 16 7.2 16 16-7.2 16-16 16z\"><\/path><\/svg>\t\t\t<\/span>\n\t\t\t\t\t\t\t\t\t<span class=\"elementor-button-text\">Conhe\u00e7a o Procedimento<\/span>\n\t\t\t\t\t<\/span>\n\t\t\t\t\t<\/a>\n\t\t\t\t<\/div>\n\t\t\t\t\t\t\t\t<\/div>\n\t\t\t\t<\/div>\n\t\t\t\t<\/div>\n\t\t<div class=\"elementor-element elementor-element-47c3e72 e-con-full e-flex e-con e-child\" data-id=\"47c3e72\" data-element_type=\"container\" data-e-type=\"container\">\n\t\t\t\t<div class=\"elementor-element elementor-element-1aa3e39 elementor-widget__width-initial elementor-widget elementor-widget-video\" data-id=\"1aa3e39\" data-element_type=\"widget\" data-e-type=\"widget\" data-settings=\"{&quot;youtube_url&quot;:&quot;https:\\\/\\\/youtu.be\\\/g0FaIVnDKZw?si=jLzokG1LrXfbsVYv&quot;,&quot;video_type&quot;:&quot;youtube&quot;,&quot;controls&quot;:&quot;yes&quot;}\" data-widget_type=\"video.default\">\n\t\t\t\t<div class=\"elementor-widget-container\">\n\t\t\t\t\t\t\t<div class=\"elementor-wrapper elementor-open-inline\">\n\t\t\t<div class=\"elementor-video\"><\/div>\t\t<\/div>\n\t\t\t\t\t\t<\/div>\n\t\t\t\t<\/div>\n\t\t\t\t<\/div>\n\t\t\t\t<\/div>\n\t\t\t\t\t<\/div>\n\t\t\t\t<\/div>\n\t\t<div class=\"elementor-element elementor-element-9b9faf4 e-flex e-con-boxed e-con e-parent\" data-id=\"9b9faf4\" data-element_type=\"container\" data-e-type=\"container\">\n\t\t\t\t\t<div class=\"e-con-inner\">\n\t\t<div class=\"elementor-element elementor-element-33905d5 e-con-full e-flex e-con e-child\" data-id=\"33905d5\" data-element_type=\"container\" data-e-type=\"container\" data-settings=\"{&quot;background_background&quot;:&quot;classic&quot;}\">\n\t\t\t\t<div class=\"elementor-element elementor-element-32cbd2b elementor-widget__width-initial elementor-cta--skin-classic elementor-animated-content elementor-bg-transform elementor-bg-transform-zoom-in elementor-widget elementor-widget-call-to-action\" data-id=\"32cbd2b\" data-element_type=\"widget\" data-e-type=\"widget\" data-widget_type=\"call-to-action.default\">\n\t\t\t\t<div class=\"elementor-widget-container\">\n\t\t\t\t\t\t\t<div class=\"elementor-cta\">\n\t\t\t\t\t<div class=\"elementor-cta__bg-wrapper\">\n\t\t\t\t<div class=\"elementor-cta__bg elementor-bg\" style=\"background-image: url(https:\/\/centrobrasileirodeurologia.com.br\/beta\/wp-content\/uploads\/2025\/12\/Tratamento-de-Calculose-Urinaria.jpg);\" role=\"img\" aria-label=\"Tratamento de Calculose Urin\u00e1ria\"><\/div>\n\t\t\t\t<div class=\"elementor-cta__bg-overlay\"><\/div>\n\t\t\t<\/div>\n\t\t\t\t\t\t\t<div class=\"elementor-cta__content\">\n\t\t\t\t\n\t\t\t\t\t\t\t\t\t<h2 class=\"elementor-cta__title elementor-cta__content-item elementor-content-item\">\n\t\t\t\t\t\tDisfun\u00e7\u00e3o Sexual\t\t\t\t\t<\/h2>\n\t\t\t\t\n\t\t\t\t\n\t\t\t\t\t\t\t\t\t<div class=\"elementor-cta__button-wrapper elementor-cta__content-item elementor-content-item \">\n\t\t\t\t\t<a class=\"elementor-cta__button elementor-button elementor-size-\" href=\"https:\/\/centrobrasileirodeurologia.com.br\/beta\/tratamento-de-calculose-urinaria\/\">\n\t\t\t\t\t\tSaiba Mais\t\t\t\t\t<\/a>\n\t\t\t\t\t<\/div>\n\t\t\t\t\t\t\t<\/div>\n\t\t\t\t\t\t<\/div>\n\t\t\t\t\t\t<\/div>\n\t\t\t\t<\/div>\n\t\t\t\t<div class=\"elementor-element elementor-element-dfef15f elementor-widget__width-initial elementor-cta--skin-classic elementor-animated-content elementor-bg-transform elementor-bg-transform-zoom-in elementor-widget elementor-widget-call-to-action\" data-id=\"dfef15f\" data-element_type=\"widget\" data-e-type=\"widget\" data-widget_type=\"call-to-action.default\">\n\t\t\t\t<div class=\"elementor-widget-container\">\n\t\t\t\t\t\t\t<div class=\"elementor-cta\">\n\t\t\t\t\t<div class=\"elementor-cta__bg-wrapper\">\n\t\t\t\t<div class=\"elementor-cta__bg elementor-bg\" style=\"background-image: url(https:\/\/centrobrasileirodeurologia.com.br\/beta\/wp-content\/uploads\/2025\/12\/Nefrologista-e-Litiase-urinaria.jpg);\" role=\"img\" aria-label=\"Nefrologista e Lit\u00edase urin\u00e1ria\"><\/div>\n\t\t\t\t<div class=\"elementor-cta__bg-overlay\"><\/div>\n\t\t\t<\/div>\n\t\t\t\t\t\t\t<div class=\"elementor-cta__content\">\n\t\t\t\t\n\t\t\t\t\t\t\t\t\t<h2 class=\"elementor-cta__title elementor-cta__content-item elementor-content-item\">\n\t\t\t\t\t\tDisfun\u00e7\u00e3o Er\u00e9til\t\t\t\t\t<\/h2>\n\t\t\t\t\n\t\t\t\t\n\t\t\t\t\t\t\t\t\t<div class=\"elementor-cta__button-wrapper elementor-cta__content-item elementor-content-item \">\n\t\t\t\t\t<a class=\"elementor-cta__button elementor-button elementor-size-\" href=\"https:\/\/centrobrasileirodeurologia.com.br\/beta\/nefrologista-e-litiase-urinaria\/\">\n\t\t\t\t\t\tSaiba Mais\t\t\t\t\t<\/a>\n\t\t\t\t\t<\/div>\n\t\t\t\t\t\t\t<\/div>\n\t\t\t\t\t\t<\/div>\n\t\t\t\t\t\t<\/div>\n\t\t\t\t<\/div>\n\t\t\t\t<div class=\"elementor-element elementor-element-5821292 elementor-widget__width-initial elementor-cta--skin-classic elementor-animated-content elementor-bg-transform elementor-bg-transform-zoom-in elementor-widget elementor-widget-call-to-action\" data-id=\"5821292\" data-element_type=\"widget\" data-e-type=\"widget\" data-widget_type=\"call-to-action.default\">\n\t\t\t\t<div class=\"elementor-widget-container\">\n\t\t\t\t\t\t\t<div class=\"elementor-cta\">\n\t\t\t\t\t<div class=\"elementor-cta__bg-wrapper\">\n\t\t\t\t<div class=\"elementor-cta__bg elementor-bg\" style=\"background-image: url(https:\/\/centrobrasileirodeurologia.com.br\/beta\/wp-content\/uploads\/2025\/12\/Nefrologista-e-Litiase-urinaria.jpg);\" role=\"img\" aria-label=\"Nefrologista e Lit\u00edase urin\u00e1ria\"><\/div>\n\t\t\t\t<div class=\"elementor-cta__bg-overlay\"><\/div>\n\t\t\t<\/div>\n\t\t\t\t\t\t\t<div class=\"elementor-cta__content\">\n\t\t\t\t\n\t\t\t\t\t\t\t\t\t<h2 class=\"elementor-cta__title elementor-cta__content-item elementor-content-item\">\n\t\t\t\t\t\tDist\u00farbio da Ejacula\u00e7\u00e3o\t\t\t\t\t<\/h2>\n\t\t\t\t\n\t\t\t\t\n\t\t\t\t\t\t\t\t\t<div class=\"elementor-cta__button-wrapper elementor-cta__content-item elementor-content-item \">\n\t\t\t\t\t<a class=\"elementor-cta__button elementor-button elementor-size-\" href=\"https:\/\/centrobrasileirodeurologia.com.br\/beta\/nefrologista-e-litiase-urinaria\/\">\n\t\t\t\t\t\tSaiba Mais\t\t\t\t\t<\/a>\n\t\t\t\t\t<\/div>\n\t\t\t\t\t\t\t<\/div>\n\t\t\t\t\t\t<\/div>\n\t\t\t\t\t\t<\/div>\n\t\t\t\t<\/div>\n\t\t\t\t<div class=\"elementor-element elementor-element-e927bc8 elementor-widget__width-initial elementor-cta--skin-classic elementor-animated-content elementor-bg-transform elementor-bg-transform-zoom-in elementor-widget elementor-widget-call-to-action\" data-id=\"e927bc8\" data-element_type=\"widget\" data-e-type=\"widget\" data-widget_type=\"call-to-action.default\">\n\t\t\t\t<div class=\"elementor-widget-container\">\n\t\t\t\t\t\t\t<div class=\"elementor-cta\">\n\t\t\t\t\t<div class=\"elementor-cta__bg-wrapper\">\n\t\t\t\t<div class=\"elementor-cta__bg elementor-bg\" style=\"background-image: url(https:\/\/centrobrasileirodeurologia.com.br\/beta\/wp-content\/uploads\/2025\/12\/Nefrologista-e-Litiase-urinaria.jpg);\" role=\"img\" aria-label=\"Nefrologista e Lit\u00edase urin\u00e1ria\"><\/div>\n\t\t\t\t<div class=\"elementor-cta__bg-overlay\"><\/div>\n\t\t\t<\/div>\n\t\t\t\t\t\t\t<div class=\"elementor-cta__content\">\n\t\t\t\t\n\t\t\t\t\t\t\t\t\t<h2 class=\"elementor-cta__title elementor-cta__content-item elementor-content-item\">\n\t\t\t\t\t\tDist\u00farbio da L\u00edbido\t\t\t\t\t<\/h2>\n\t\t\t\t\n\t\t\t\t\n\t\t\t\t\t\t\t\t\t<div class=\"elementor-cta__button-wrapper elementor-cta__content-item elementor-content-item \">\n\t\t\t\t\t<a class=\"elementor-cta__button elementor-button elementor-size-\" href=\"https:\/\/centrobrasileirodeurologia.com.br\/beta\/nefrologista-e-litiase-urinaria\/\">\n\t\t\t\t\t\tSaiba Mais\t\t\t\t\t<\/a>\n\t\t\t\t\t<\/div>\n\t\t\t\t\t\t\t<\/div>\n\t\t\t\t\t\t<\/div>\n\t\t\t\t\t\t<\/div>\n\t\t\t\t<\/div>\n\t\t\t\t<div class=\"elementor-element elementor-element-431deb5 elementor-widget__width-initial elementor-cta--skin-classic elementor-animated-content elementor-bg-transform elementor-bg-transform-zoom-in elementor-widget elementor-widget-call-to-action\" data-id=\"431deb5\" data-element_type=\"widget\" data-e-type=\"widget\" data-widget_type=\"call-to-action.default\">\n\t\t\t\t<div class=\"elementor-widget-container\">\n\t\t\t\t\t\t\t<div class=\"elementor-cta\">\n\t\t\t\t\t<div class=\"elementor-cta__bg-wrapper\">\n\t\t\t\t<div class=\"elementor-cta__bg elementor-bg\" style=\"background-image: url(https:\/\/centrobrasileirodeurologia.com.br\/beta\/wp-content\/uploads\/2025\/12\/Nefrologista-e-Litiase-urinaria.jpg);\" role=\"img\" aria-label=\"Nefrologista e Lit\u00edase urin\u00e1ria\"><\/div>\n\t\t\t\t<div class=\"elementor-cta__bg-overlay\"><\/div>\n\t\t\t<\/div>\n\t\t\t\t\t\t\t<div class=\"elementor-cta__content\">\n\t\t\t\t\n\t\t\t\t\t\t\t\t\t<h2 class=\"elementor-cta__title elementor-cta__content-item elementor-content-item\">\n\t\t\t\t\t\tInfertilidade Masculina\t\t\t\t\t<\/h2>\n\t\t\t\t\n\t\t\t\t\n\t\t\t\t\t\t\t\t\t<div class=\"elementor-cta__button-wrapper elementor-cta__content-item elementor-content-item \">\n\t\t\t\t\t<a class=\"elementor-cta__button elementor-button elementor-size-\" href=\"https:\/\/centrobrasileirodeurologia.com.br\/beta\/nefrologista-e-litiase-urinaria\/\">\n\t\t\t\t\t\tSaiba Mais\t\t\t\t\t<\/a>\n\t\t\t\t\t<\/div>\n\t\t\t\t\t\t\t<\/div>\n\t\t\t\t\t\t<\/div>\n\t\t\t\t\t\t<\/div>\n\t\t\t\t<\/div>\n\t\t\t\t<div class=\"elementor-element elementor-element-0717535 elementor-widget__width-initial elementor-cta--skin-classic elementor-animated-content elementor-bg-transform elementor-bg-transform-zoom-in elementor-widget elementor-widget-call-to-action\" data-id=\"0717535\" data-element_type=\"widget\" data-e-type=\"widget\" data-widget_type=\"call-to-action.default\">\n\t\t\t\t<div class=\"elementor-widget-container\">\n\t\t\t\t\t\t\t<div class=\"elementor-cta\">\n\t\t\t\t\t<div class=\"elementor-cta__bg-wrapper\">\n\t\t\t\t<div class=\"elementor-cta__bg elementor-bg\" style=\"background-image: url(https:\/\/centrobrasileirodeurologia.com.br\/beta\/wp-content\/uploads\/2025\/12\/Nefrologista-e-Litiase-urinaria.jpg);\" role=\"img\" aria-label=\"Nefrologista e Lit\u00edase urin\u00e1ria\"><\/div>\n\t\t\t\t<div class=\"elementor-cta__bg-overlay\"><\/div>\n\t\t\t<\/div>\n\t\t\t\t\t\t\t<div class=\"elementor-cta__content\">\n\t\t\t\t\n\t\t\t\t\t\t\t\t\t<h2 class=\"elementor-cta__title elementor-cta__content-item elementor-content-item\">\n\t\t\t\t\t\tCurvatura Peniana\t\t\t\t\t<\/h2>\n\t\t\t\t\n\t\t\t\t\n\t\t\t\t\t\t\t\t\t<div class=\"elementor-cta__button-wrapper elementor-cta__content-item elementor-content-item \">\n\t\t\t\t\t<a class=\"elementor-cta__button elementor-button elementor-size-\" href=\"https:\/\/centrobrasileirodeurologia.com.br\/beta\/nefrologista-e-litiase-urinaria\/\">\n\t\t\t\t\t\tSaiba Mais\t\t\t\t\t<\/a>\n\t\t\t\t\t<\/div>\n\t\t\t\t\t\t\t<\/div>\n\t\t\t\t\t\t<\/div>\n\t\t\t\t\t\t<\/div>\n\t\t\t\t<\/div>\n\t\t\t\t<\/div>\n\t\t\t\t\t<\/div>\n\t\t\t\t<\/div>\n\t\t\t\t<\/div>\n\t\t","protected":false},"excerpt":{"rendered":"<p>Andrologia A lit\u00edase urin\u00e1ria \u00e9 uma doen\u00e7a frequente, ocorrendo entre 120 a 140 casos para cada grupo de 100 mil pessoas por ano. Atinge mais frequentemente adultos na faixa dos 30 aos 40 anos. Os c\u00e1lculos ureterais constituem parte importante dos casos de lit\u00edase urin\u00e1ria por serem respons\u00e1veis, na maioria das vezes, pela c\u00f3lica ureteral.\u00a0 [&hellip;]<\/p>\n","protected":false},"author":1,"featured_media":0,"parent":0,"menu_order":0,"comment_status":"closed","ping_status":"closed","template":"","meta":{"footnotes":""},"class_list":["post-749","page","type-page","status-publish","hentry"],"yoast_head":"<!-- This site is optimized with the Yoast SEO plugin v27.4 - https:\/\/yoast.com\/product\/yoast-seo-wordpress\/ -->\n<title>Disfun\u00e7\u00e3o Sexual - Centro Brasileiro de Urologia<\/title>\n<meta name=\"robots\" content=\"index, follow, max-snippet:-1, max-image-preview:large, max-video-preview:-1\" \/>\n<link rel=\"canonical\" href=\"https:\/\/centrobrasileirodeurologia.com.br\/beta\/disfuncao-sexual\/\" \/>\n<meta property=\"og:locale\" content=\"pt_BR\" \/>\n<meta property=\"og:type\" content=\"article\" \/>\n<meta property=\"og:title\" content=\"Disfun\u00e7\u00e3o Sexual - Centro Brasileiro de Urologia\" \/>\n<meta property=\"og:description\" content=\"Andrologia A lit\u00edase urin\u00e1ria \u00e9 uma doen\u00e7a frequente, ocorrendo entre 120 a 140 casos para cada grupo de 100 mil pessoas por ano. Atinge mais frequentemente adultos na faixa dos 30 aos 40 anos. Os c\u00e1lculos ureterais constituem parte importante dos casos de lit\u00edase urin\u00e1ria por serem respons\u00e1veis, na maioria das vezes, pela c\u00f3lica ureteral.\u00a0 [&hellip;]\" \/>\n<meta property=\"og:url\" content=\"https:\/\/centrobrasileirodeurologia.com.br\/beta\/disfuncao-sexual\/\" \/>\n<meta property=\"og:site_name\" content=\"Centro Brasileiro de Urologia\" \/>\n<meta property=\"article:modified_time\" content=\"2026-03-16T15:41:36+00:00\" \/>\n<meta name=\"twitter:card\" content=\"summary_large_image\" \/>\n<meta name=\"twitter:label1\" content=\"Est. tempo de leitura\" \/>\n\t<meta name=\"twitter:data1\" content=\"1 minuto\" \/>\n<script type=\"application\/ld+json\" class=\"yoast-schema-graph\">{\"@context\":\"https:\\\/\\\/schema.org\",\"@graph\":[{\"@type\":\"WebPage\",\"@id\":\"https:\\\/\\\/centrobrasileirodeurologia.com.br\\\/beta\\\/disfuncao-sexual\\\/\",\"url\":\"https:\\\/\\\/centrobrasileirodeurologia.com.br\\\/beta\\\/disfuncao-sexual\\\/\",\"name\":\"Disfun\u00e7\u00e3o Sexual - Centro Brasileiro de Urologia\",\"isPartOf\":{\"@id\":\"https:\\\/\\\/centrobrasileirodeurologia.com.br\\\/beta\\\/#website\"},\"datePublished\":\"2025-10-14T14:39:43+00:00\",\"dateModified\":\"2026-03-16T15:41:36+00:00\",\"breadcrumb\":{\"@id\":\"https:\\\/\\\/centrobrasileirodeurologia.com.br\\\/beta\\\/disfuncao-sexual\\\/#breadcrumb\"},\"inLanguage\":\"pt-BR\",\"potentialAction\":[{\"@type\":\"ReadAction\",\"target\":[\"https:\\\/\\\/centrobrasileirodeurologia.com.br\\\/beta\\\/disfuncao-sexual\\\/\"]}]},{\"@type\":\"BreadcrumbList\",\"@id\":\"https:\\\/\\\/centrobrasileirodeurologia.com.br\\\/beta\\\/disfuncao-sexual\\\/#breadcrumb\",\"itemListElement\":[{\"@type\":\"ListItem\",\"position\":1,\"name\":\"In\u00edcio\",\"item\":\"https:\\\/\\\/centrobrasileirodeurologia.com.br\\\/beta\\\/\"},{\"@type\":\"ListItem\",\"position\":2,\"name\":\"Disfun\u00e7\u00e3o Sexual\"}]},{\"@type\":\"WebSite\",\"@id\":\"https:\\\/\\\/centrobrasileirodeurologia.com.br\\\/beta\\\/#website\",\"url\":\"https:\\\/\\\/centrobrasileirodeurologia.com.br\\\/beta\\\/\",\"name\":\"Centro Brasileiro de Urologia\",\"description\":\"\",\"publisher\":{\"@id\":\"https:\\\/\\\/centrobrasileirodeurologia.com.br\\\/beta\\\/#organization\"},\"potentialAction\":[{\"@type\":\"SearchAction\",\"target\":{\"@type\":\"EntryPoint\",\"urlTemplate\":\"https:\\\/\\\/centrobrasileirodeurologia.com.br\\\/beta\\\/?s={search_term_string}\"},\"query-input\":{\"@type\":\"PropertyValueSpecification\",\"valueRequired\":true,\"valueName\":\"search_term_string\"}}],\"inLanguage\":\"pt-BR\"},{\"@type\":\"Organization\",\"@id\":\"https:\\\/\\\/centrobrasileirodeurologia.com.br\\\/beta\\\/#organization\",\"name\":\"Centro Brasileiro de Urologia\",\"url\":\"https:\\\/\\\/centrobrasileirodeurologia.com.br\\\/beta\\\/\",\"logo\":{\"@type\":\"ImageObject\",\"inLanguage\":\"pt-BR\",\"@id\":\"https:\\\/\\\/centrobrasileirodeurologia.com.br\\\/beta\\\/#\\\/schema\\\/logo\\\/image\\\/\",\"url\":\"https:\\\/\\\/centrobrasileirodeurologia.com.br\\\/beta\\\/wp-content\\\/uploads\\\/2025\\\/09\\\/Logo-CBU.png\",\"contentUrl\":\"https:\\\/\\\/centrobrasileirodeurologia.com.br\\\/beta\\\/wp-content\\\/uploads\\\/2025\\\/09\\\/Logo-CBU.png\",\"width\":216,\"height\":79,\"caption\":\"Centro Brasileiro de Urologia\"},\"image\":{\"@id\":\"https:\\\/\\\/centrobrasileirodeurologia.com.br\\\/beta\\\/#\\\/schema\\\/logo\\\/image\\\/\"}}]}<\/script>\n<!-- \/ Yoast SEO plugin. -->","yoast_head_json":{"title":"Disfun\u00e7\u00e3o Sexual - Centro Brasileiro de Urologia","robots":{"index":"index","follow":"follow","max-snippet":"max-snippet:-1","max-image-preview":"max-image-preview:large","max-video-preview":"max-video-preview:-1"},"canonical":"https:\/\/centrobrasileirodeurologia.com.br\/beta\/disfuncao-sexual\/","og_locale":"pt_BR","og_type":"article","og_title":"Disfun\u00e7\u00e3o Sexual - Centro Brasileiro de Urologia","og_description":"Andrologia A lit\u00edase urin\u00e1ria \u00e9 uma doen\u00e7a frequente, ocorrendo entre 120 a 140 casos para cada grupo de 100 mil pessoas por ano. Atinge mais frequentemente adultos na faixa dos 30 aos 40 anos. Os c\u00e1lculos ureterais constituem parte importante dos casos de lit\u00edase urin\u00e1ria por serem respons\u00e1veis, na maioria das vezes, pela c\u00f3lica ureteral.\u00a0 [&hellip;]","og_url":"https:\/\/centrobrasileirodeurologia.com.br\/beta\/disfuncao-sexual\/","og_site_name":"Centro Brasileiro de Urologia","article_modified_time":"2026-03-16T15:41:36+00:00","twitter_card":"summary_large_image","twitter_misc":{"Est. tempo de leitura":"1 minuto"},"schema":{"@context":"https:\/\/schema.org","@graph":[{"@type":"WebPage","@id":"https:\/\/centrobrasileirodeurologia.com.br\/beta\/disfuncao-sexual\/","url":"https:\/\/centrobrasileirodeurologia.com.br\/beta\/disfuncao-sexual\/","name":"Disfun\u00e7\u00e3o Sexual - Centro Brasileiro de Urologia","isPartOf":{"@id":"https:\/\/centrobrasileirodeurologia.com.br\/beta\/#website"},"datePublished":"2025-10-14T14:39:43+00:00","dateModified":"2026-03-16T15:41:36+00:00","breadcrumb":{"@id":"https:\/\/centrobrasileirodeurologia.com.br\/beta\/disfuncao-sexual\/#breadcrumb"},"inLanguage":"pt-BR","potentialAction":[{"@type":"ReadAction","target":["https:\/\/centrobrasileirodeurologia.com.br\/beta\/disfuncao-sexual\/"]}]},{"@type":"BreadcrumbList","@id":"https:\/\/centrobrasileirodeurologia.com.br\/beta\/disfuncao-sexual\/#breadcrumb","itemListElement":[{"@type":"ListItem","position":1,"name":"In\u00edcio","item":"https:\/\/centrobrasileirodeurologia.com.br\/beta\/"},{"@type":"ListItem","position":2,"name":"Disfun\u00e7\u00e3o Sexual"}]},{"@type":"WebSite","@id":"https:\/\/centrobrasileirodeurologia.com.br\/beta\/#website","url":"https:\/\/centrobrasileirodeurologia.com.br\/beta\/","name":"Centro Brasileiro de Urologia","description":"","publisher":{"@id":"https:\/\/centrobrasileirodeurologia.com.br\/beta\/#organization"},"potentialAction":[{"@type":"SearchAction","target":{"@type":"EntryPoint","urlTemplate":"https:\/\/centrobrasileirodeurologia.com.br\/beta\/?s={search_term_string}"},"query-input":{"@type":"PropertyValueSpecification","valueRequired":true,"valueName":"search_term_string"}}],"inLanguage":"pt-BR"},{"@type":"Organization","@id":"https:\/\/centrobrasileirodeurologia.com.br\/beta\/#organization","name":"Centro Brasileiro de Urologia","url":"https:\/\/centrobrasileirodeurologia.com.br\/beta\/","logo":{"@type":"ImageObject","inLanguage":"pt-BR","@id":"https:\/\/centrobrasileirodeurologia.com.br\/beta\/#\/schema\/logo\/image\/","url":"https:\/\/centrobrasileirodeurologia.com.br\/beta\/wp-content\/uploads\/2025\/09\/Logo-CBU.png","contentUrl":"https:\/\/centrobrasileirodeurologia.com.br\/beta\/wp-content\/uploads\/2025\/09\/Logo-CBU.png","width":216,"height":79,"caption":"Centro Brasileiro de Urologia"},"image":{"@id":"https:\/\/centrobrasileirodeurologia.com.br\/beta\/#\/schema\/logo\/image\/"}}]}},"_links":{"self":[{"href":"https:\/\/centrobrasileirodeurologia.com.br\/beta\/wp-json\/wp\/v2\/pages\/749","targetHints":{"allow":["GET"]}}],"collection":[{"href":"https:\/\/centrobrasileirodeurologia.com.br\/beta\/wp-json\/wp\/v2\/pages"}],"about":[{"href":"https:\/\/centrobrasileirodeurologia.com.br\/beta\/wp-json\/wp\/v2\/types\/page"}],"author":[{"embeddable":true,"href":"https:\/\/centrobrasileirodeurologia.com.br\/beta\/wp-json\/wp\/v2\/users\/1"}],"replies":[{"embeddable":true,"href":"https:\/\/centrobrasileirodeurologia.com.br\/beta\/wp-json\/wp\/v2\/comments?post=749"}],"version-history":[{"count":6,"href":"https:\/\/centrobrasileirodeurologia.com.br\/beta\/wp-json\/wp\/v2\/pages\/749\/revisions"}],"predecessor-version":[{"id":1700,"href":"https:\/\/centrobrasileirodeurologia.com.br\/beta\/wp-json\/wp\/v2\/pages\/749\/revisions\/1700"}],"wp:attachment":[{"href":"https:\/\/centrobrasileirodeurologia.com.br\/beta\/wp-json\/wp\/v2\/media?parent=749"}],"curies":[{"name":"wp","href":"https:\/\/api.w.org\/{rel}","templated":true}]}}